{"id":1498,"date":"2026-03-10T18:12:18","date_gmt":"2026-03-11T00:12:18","guid":{"rendered":"https:\/\/webkitchen.mx\/wp\/?page_id=1498"},"modified":"2026-03-11T12:03:08","modified_gmt":"2026-03-11T18:03:08","slug":"arrendamiento","status":"publish","type":"page","link":"https:\/\/webkitchen.mx\/wp\/arrendamiento\/","title":{"rendered":"\u00a0Arrendamiento\u00a0"},"content":{"rendered":"\n<h1 class=\"wp-block-heading has-text-align-center\" style=\"padding-right:var(--wp--preset--spacing--70);padding-left:var(--wp--preset--spacing--70)\">Arrendamiento Financiero para Equipamiento Profesional<\/h1>\n\n\n\n<p style=\"margin-right:var(--wp--preset--spacing--70);margin-left:var(--wp--preset--spacing--70)\">En Web Kitchen sabemos que el flujo de efectivo es vital. Es el motor de tu proyecto gastron\u00f3mico, hospitalario o institucional.<\/p>\n\n\n\n<p style=\"margin-right:var(--wp--preset--spacing--70);margin-left:var(--wp--preset--spacing--70)\">Para proteger tu inversi\u00f3n, el <strong>arrendamiento equipos de cocina<\/strong> es la soluci\u00f3n ideal. No descapitalices tu negocio al adquirir tecnolog\u00eda de primer nivel. Contamos con alianzas estrat\u00e9gicas para ti. Te ofrecemos los mejores esquemas de Arrendamiento Puro y Financiero.<\/p>\n\n\n\n<h2 class=\"wp-block-heading\" style=\"margin-right:var(--wp--preset--spacing--70);margin-left:var(--wp--preset--spacing--70)\"><strong>Beneficios del arrendamiento equipos de cocina<\/strong><\/h2>\n\n\n\n<p style=\"margin-right:var(--wp--preset--spacing--60);margin-left:var(--wp--preset--spacing--60)\"><strong>Renovaci\u00f3n Tecnol\u00f3gica:<\/strong> Al terminar el contrato, t\u00fa tienes el control. Puedes comprar los equipos por un valor m\u00ednimo, extender el plazo o renovar tu cocina.<\/p>\n\n\n\n<p style=\"margin-right:var(--wp--preset--spacing--60);margin-left:var(--wp--preset--spacing--60)\"><strong>Aprobaci\u00f3n \u00c1gil:<\/strong> Trabajamos con financieras expertas en el sector empresarial. As\u00ed logramos un proceso de autorizaci\u00f3n r\u00e1pido y sin complicaciones.<\/p>\n\n\n\n<p style=\"margin-right:var(--wp--preset--spacing--60);margin-left:var(--wp--preset--spacing--60)\"><strong>100% Deducible de Impuestos:<\/strong> Las rentas mensuales son un gasto operativo. Esto te permite deducirlas en su totalidad bajo la legislaci\u00f3n fiscal vigente.<\/p>\n\n\n\n<p style=\"margin-right:var(--wp--preset--spacing--60);margin-left:var(--wp--preset--spacing--60)\"><strong>Protecci\u00f3n de tu Liquidez:<\/strong> Conserva tu capital para la obra civil, n\u00f3mina o insumos. Tus equipos se pagan solos con la productividad que generan.<\/p>\n\n\n\nngg_shortcode_0_placeholder\n\n\n\n<p><\/p>\n","protected":false},"excerpt":{"rendered":"<p>Arrendamiento Financiero para Equipamiento Profesional En Web Kitchen sabemos que el flujo de efectivo es vital. Es el motor de tu proyecto gastron\u00f3mico, hospitalario o institucional. Para proteger tu inversi\u00f3n, el arrendamiento equipos de cocina es la soluci\u00f3n ideal. No descapitalices tu negocio al adquirir tecnolog\u00eda de primer nivel. Contamos con alianzas estrat\u00e9gicas para ti. [&hellip;]<\/p>\n","protected":false},"author":1,"featured_media":0,"parent":0,"menu_order":0,"comment_status":"closed","ping_status":"closed","template":"","meta":{"_eb_attr":"","om_disable_all_campaigns":false,"_monsterinsights_skip_tracking":false,"_monsterinsights_sitenote_active":false,"_monsterinsights_sitenote_note":"","_monsterinsights_sitenote_category":0,"_uf_show_specific_survey":0,"_uf_disable_surveys":false,"ngg_post_thumbnail":0,"footnotes":""},"class_list":["post-1498","page","type-page","status-publish","hentry"],"aioseo_notices":[],"mb":[],"mfb_rest_fields":["title","aioseo_notices","gutenberg_elementor_mode"],"_links":{"self":[{"href":"https:\/\/webkitchen.mx\/wp\/wp-json\/wp\/v2\/pages\/1498","targetHints":{"allow":["GET"]}}],"collection":[{"href":"https:\/\/webkitchen.mx\/wp\/wp-json\/wp\/v2\/pages"}],"about":[{"href":"https:\/\/webkitchen.mx\/wp\/wp-json\/wp\/v2\/types\/page"}],"author":[{"embeddable":true,"href":"https:\/\/webkitchen.mx\/wp\/wp-json\/wp\/v2\/users\/1"}],"replies":[{"embeddable":true,"href":"https:\/\/webkitchen.mx\/wp\/wp-json\/wp\/v2\/comments?post=1498"}],"version-history":[{"count":5,"href":"https:\/\/webkitchen.mx\/wp\/wp-json\/wp\/v2\/pages\/1498\/revisions"}],"predecessor-version":[{"id":1526,"href":"https:\/\/webkitchen.mx\/wp\/wp-json\/wp\/v2\/pages\/1498\/revisions\/1526"}],"wp:attachment":[{"href":"https:\/\/webkitchen.mx\/wp\/wp-json\/wp\/v2\/media?parent=1498"}],"curies":[{"name":"wp","href":"https:\/\/api.w.org\/{rel}","templated":true}]}}